{"id":999,"date":"2015-11-26T13:05:58","date_gmt":"2015-11-26T13:05:58","guid":{"rendered":"http:\/\/www2.cremeb.org.br\/wordpress\/?page_id=999"},"modified":"2015-12-22T18:55:04","modified_gmt":"2015-12-22T18:55:04","slug":"validacao-de-autenticidade","status":"publish","type":"page","link":"https:\/\/www.cremeb.org.br\/index.php\/para-medicos\/validacao-de-autenticidade\/","title":{"rendered":"Valida\u00e7\u00e3o de Autenticidade"},"content":{"rendered":"<h3>Informar c\u00f3digo para valida\u00e7\u00e3o.<\/h3>\n<p>&nbsp;<\/p>\n<p><a class=\"btn btn-primary\" href=\"#\" target=\"_blank\">Avan\u00e7ar<\/a><\/p>\n","protected":false},"excerpt":{"rendered":"<p>Informar c\u00f3digo para valida\u00e7\u00e3o. &nbsp; Avan\u00e7ar<\/p>\n","protected":false},"author":2,"featured_media":0,"parent":201,"menu_order":0,"comment_status":"closed","ping_status":"closed","template":"","meta":{"_expiration-date-status":"saved","_expiration-date":0,"_expiration-date-type":"","_expiration-date-categories":[],"_expiration-date-options":[]},"acf":[],"_links":{"self":[{"href":"https:\/\/www.cremeb.org.br\/index.php\/wp-json\/wp\/v2\/pages\/999"}],"collection":[{"href":"https:\/\/www.cremeb.org.br\/index.php\/wp-json\/wp\/v2\/pages"}],"about":[{"href":"https:\/\/www.cremeb.org.br\/index.php\/wp-json\/wp\/v2\/types\/page"}],"author":[{"embeddable":true,"href":"https:\/\/www.cremeb.org.br\/index.php\/wp-json\/wp\/v2\/users\/2"}],"replies":[{"embeddable":true,"href":"https:\/\/www.cremeb.org.br\/index.php\/wp-json\/wp\/v2\/comments?post=999"}],"version-history":[{"count":4,"href":"https:\/\/www.cremeb.org.br\/index.php\/wp-json\/wp\/v2\/pages\/999\/revisions"}],"predecessor-version":[{"id":1351,"href":"https:\/\/www.cremeb.org.br\/index.php\/wp-json\/wp\/v2\/pages\/999\/revisions\/1351"}],"up":[{"embeddable":true,"href":"https:\/\/www.cremeb.org.br\/index.php\/wp-json\/wp\/v2\/pages\/201"}],"wp:attachment":[{"href":"https:\/\/www.cremeb.org.br\/index.php\/wp-json\/wp\/v2\/media?parent=999"}],"curies":[{"name":"wp","href":"https:\/\/api.w.org\/{rel}","templated":true}]}}