{"id":978,"date":"2015-11-26T12:33:19","date_gmt":"2015-11-26T12:33:19","guid":{"rendered":"http:\/\/www2.cremeb.org.br\/wordpress\/?page_id=978"},"modified":"2017-12-14T15:07:18","modified_gmt":"2017-12-14T15:07:18","slug":"militarcivil-convocadolei-66811979","status":"publish","type":"page","link":"https:\/\/www.cremeb.org.br\/index.php\/para-medicos\/militarcivil-convocadolei-66811979\/","title":{"rendered":"Militar\/Civil Convocado(Lei 6681\/1979)"},"content":{"rendered":"<p style=\"text-align: justify;\">Por for\u00e7a da Lei n\u00ba . 6.681\/79, os m\u00e9dicos que estiverem exercendo a medicina exclusivamente na condi\u00e7\u00e3o de m\u00e9dico militar, ou seja, que n\u00e3o esteja desenvolvendo qualquer atividade m\u00e9dica na \u00e1rea civil, estar\u00e1 isento do pagamento da anuidade, bem assim, legalmente impedido de votar ou ser votado em elei\u00e7\u00f5es dos Conselhos de Medicina.<\/p>\n<p style=\"text-align: justify;\">A isen\u00e7\u00e3o da anuidade acima citada fica condicionada \u00e0 apresenta\u00e7\u00e3o, at\u00e9 o dia 28 de fevereiro de cada ano, de um comprovante expedido pelo comandante ou chefia imediata da institui\u00e7\u00e3o em que o (a) m\u00e9dico (a) estiver incorporado (a).<\/p>\n<h3 style=\"text-align: justify;\"><strong>Orienta\u00e7\u00f5es:<\/strong><\/h3>\n<p style=\"text-align: justify;\">&#8211; Preenchimento da declara\u00e7\u00e3o m\u00e9dico militar(<em><a href=\"http:\/\/www.cremeb.org.br\/wp-content\/uploads\/2015\/12\/DECLARACAO-MEDICO-MILITAR.pdf\" target=\"_blank\" rel=\"noopener noreferrer\">download<\/a><\/em>);<\/p>\n<p style=\"text-align: justify;\">&#8211; Anexar o original e c\u00f3pia leg\u00edvel da certid\u00e3o\/declara\u00e7\u00e3o expedida pelo comandante ou chefia imediata informando o per\u00edodo e a Unidade na qual est\u00e1 prestando o servi\u00e7o militar;<\/p>\n<p style=\"text-align: justify;\">&#8211; Caso a anuidade j\u00e1 tenha sido paga, anexar declara\u00e7\u00e3o de pr\u00f3prio punho solicitando a restitui\u00e7\u00e3o e informando os dados da conta banc\u00e1ria.<\/p>\n","protected":false},"excerpt":{"rendered":"<p>Por for\u00e7a da Lei n\u00ba . 6.681\/79, os m\u00e9dicos que estiverem exercendo a medicina exclusivamente na condi\u00e7\u00e3o de m\u00e9dico militar, [&hellip;]<\/p>\n","protected":false},"author":2,"featured_media":0,"parent":201,"menu_order":0,"comment_status":"closed","ping_status":"closed","template":"","meta":{"_expiration-date-status":"saved","_expiration-date":0,"_expiration-date-type":"","_expiration-date-categories":[],"_expiration-date-options":[]},"acf":[],"_links":{"self":[{"href":"https:\/\/www.cremeb.org.br\/index.php\/wp-json\/wp\/v2\/pages\/978"}],"collection":[{"href":"https:\/\/www.cremeb.org.br\/index.php\/wp-json\/wp\/v2\/pages"}],"about":[{"href":"https:\/\/www.cremeb.org.br\/index.php\/wp-json\/wp\/v2\/types\/page"}],"author":[{"embeddable":true,"href":"https:\/\/www.cremeb.org.br\/index.php\/wp-json\/wp\/v2\/users\/2"}],"replies":[{"embeddable":true,"href":"https:\/\/www.cremeb.org.br\/index.php\/wp-json\/wp\/v2\/comments?post=978"}],"version-history":[{"count":12,"href":"https:\/\/www.cremeb.org.br\/index.php\/wp-json\/wp\/v2\/pages\/978\/revisions"}],"predecessor-version":[{"id":16894,"href":"https:\/\/www.cremeb.org.br\/index.php\/wp-json\/wp\/v2\/pages\/978\/revisions\/16894"}],"up":[{"embeddable":true,"href":"https:\/\/www.cremeb.org.br\/index.php\/wp-json\/wp\/v2\/pages\/201"}],"wp:attachment":[{"href":"https:\/\/www.cremeb.org.br\/index.php\/wp-json\/wp\/v2\/media?parent=978"}],"curies":[{"name":"wp","href":"https:\/\/api.w.org\/{rel}","templated":true}]}}