{"id":672,"date":"2015-11-23T18:18:26","date_gmt":"2015-11-23T18:18:26","guid":{"rendered":"http:\/\/www2.cremeb.org.br\/wordpress\/?page_id=672"},"modified":"2022-06-27T20:05:45","modified_gmt":"2022-06-27T20:05:45","slug":"cadastro","status":"publish","type":"page","link":"https:\/\/www.cremeb.org.br\/index.php\/para-empresas\/publicas\/cadastro\/","title":{"rendered":"Inscri\u00e7\u00e3o &#8211; Cadastro"},"content":{"rendered":"<p style=\"text-align: justify;\">Os estabelecimentos hospitalares e de sa\u00fade mantidos pela Uni\u00e3o, estados e munic\u00edpios, bem como suas autarquias e funda\u00e7\u00f5es p\u00fablicas, empresas e\/ou institui\u00e7\u00f5es prestadoras de servi\u00e7os exclusivos m\u00e9dico-hospitalares mantidos por associa\u00e7\u00f5es de pais e amigos de excepcionais e deficientes, devidamente reconhecidas como de utilidade p\u00fablica, nos termos da lei, dever\u00e3o cadastrar-se nos Conselhos Regionais de Medicina da jurisdi\u00e7\u00e3o em que atuarem, conforme a Resolu\u00e7\u00e3o CFM n\u00b0 997\/1980 e 1980\/2011.<\/p>\n<h3>Orienta\u00e7\u00e3o:<\/h3>\n<p>\u2013 A solicita\u00e7\u00e3o deve ser feita atrav\u00e9s do bot\u00e3o \u201c<strong>Solicitar<\/strong>\u201d abaixo, utilizando o login e senha do Diretor T\u00e9cnico da institui\u00e7\u00e3o;<\/p>\n<p>&#8211; O login \u00e9 o CPF do m\u00e9dico Diretor T\u00e9cnico e a senha \u00e9 pessoal, cadastrada pelo mesmo;<\/p>\n<p>&#8211; Ao entrar na \u00e1rea restrita, marcar a op\u00e7\u00e3o &#8220;\u00d3rg\u00e3os P\u00fablicos&#8221;;<\/p>\n<p>&#8211; informar corretamente o CNPJ utilizado pelo \u00f3rg\u00e3o;<\/p>\n<p>&#8211; Clicar em &#8220;Iniciar&#8221; e preencher corretamente o formul\u00e1rio online de pr\u00e9-inscri\u00e7\u00e3o para o <strong>Cadastro\/Registro;<\/strong><\/p>\n<p style=\"text-align: justify;\">&#8211;\u00a0<strong>ATEN\u00c7\u00c3O:<\/strong>\u00a0De acordo com a\u00a0<a href=\"http:\/\/www.cremeb.org.br\/wp-content\/uploads\/2015\/11\/PORTARIA-08_2006_PRAZOS-DEFIC.pdf\" target=\"_blank\" rel=\"noopener noreferrer\">Portaria do Cremeb n\u00ba 08\/2006<\/a>, o prazo para atendimento da solicita\u00e7\u00e3o \u00e9 de <span style=\"color: #ff0000;\"><strong>30 dias \u00fateis<\/strong><\/span>, contados a\u00a0partir do cumprimento de todas as exig\u00eancias legais.\u00a0Sendo detectadas irregularidades na documenta\u00e7\u00e3o apresentada, o novo prazo ter\u00e1 in\u00edcio ap\u00f3s a regulariza\u00e7\u00e3o e juntada de todos os documentos exigidos pela norma;<\/p>\n<p>&#8211; Ser\u00e1 necess\u00e1rio anexar documentos obrigat\u00f3rios conforme lista abaixo.<\/p>\n<h3>Documenta\u00e7\u00e3o necess\u00e1ria digitalizada:<\/h3>\n<p>&#8211; Documento de constitui\u00e7\u00e3o do estabelecimento (estatuto, ata de funda\u00e7\u00e3o, lei, decreto, portaria, outros), e demais altera\u00e7\u00f5es registradas em cart\u00f3rio;<\/p>\n<p>&#8211; Comprovante da publica\u00e7\u00e3o em Di\u00e1rio Oficial da nomea\u00e7\u00e3o do Diretor T\u00e9cnico ou Declara\u00e7\u00e3o de aceite da fun\u00e7\u00e3o do Diretor T\u00e9cnico (<span style=\"text-decoration: underline;\"><em><a href=\"http:\/\/www.cremeb.org.br\/wp-content\/uploads\/2016\/01\/Declaracao-do-Diretor-Tecnico.pdf\" target=\"_blank\" rel=\"noopener noreferrer\">modelo<\/a>)<\/em><\/span>,\u00a0devidamente assinada por autoridade competente;<\/p>\n<p>&#8211; Cart\u00e3o do CNPJ;<\/p>\n<p>&#8211; Alvar\u00e1 de funcionamento, se houver;<\/p>\n<p>&#8211; Alvar\u00e1 da Vigil\u00e2ncia Sanit\u00e1ria, se houver.<\/p>\n<p>&nbsp;<\/p>\n<h3>Documenta\u00e7\u00e3o complementar\u00a0a ser encaminhada:<\/h3>\n<p><strong>Quando o corpo cl\u00ednico for composto por mais de 30 m\u00e9dicos \u00e9 necess\u00e1rio encaminhar:<\/strong><\/p>\n<p>&#8211; C\u00f3pia do Regimento Interno do corpo cl\u00ednico e c\u00f3pia da ata de aprova\u00e7\u00e3o pelo corpo m\u00e9dico, conforme Resolu\u00e7\u00e3o CFM n\u00b0 1481\/1997;<\/p>\n<p>&#8211; C\u00f3pia da ata de elei\u00e7\u00e3o da Comiss\u00e3o de \u00c9tica M\u00e9dica, conforme <a href=\"https:\/\/sistemas.cfm.org.br\/normas\/visualizar\/resolucoes\/BR\/2016\/2152\" target=\"_blank\" rel=\"noopener noreferrer\">Resolu\u00e7\u00e3o CFM n\u00b0 2152\/2016<\/a>. Confira aqui o <a href=\"http:\/\/www.cremeb.org.br\/wp-content\/uploads\/2016\/09\/Passo-a-passo-para-instalar-comissao-etica.pdf\" target=\"_blank\" rel=\"noopener noreferrer\">passo a passo<\/a> para instalar uma comiss\u00e3o \u00e9tica;<\/p>\n<p>&#8211; C\u00f3pia da ata de elei\u00e7\u00e3o e do documento de homologa\u00e7\u00e3o do Diretor Cl\u00ednico;<\/p>\n<p>&#8211; C\u00f3pia do documento de constitui\u00e7\u00e3o da Comiss\u00e3o de Revis\u00e3o de Prontu\u00e1rios, conforme Resolu\u00e7\u00e3o CFM n\u00b0 1638\/2002.<\/p>\n<p>&nbsp;<\/p>\n<h3>Observa\u00e7\u00f5es:<\/h3>\n<p>&#8211; Havendo pend\u00eancias documental e financeira, o estabelecimento ter\u00e1 um prazo de <strong>120 dias<\/strong> para regulariza\u00e7\u00e3o. O n\u00e3o cumprimento ser\u00e1 entendido como desist\u00eancia e implicar\u00e1 no arquivamento imediato do pedido de cadastro, independentemente de notifica\u00e7\u00e3o ao Diretor\u00a0T\u00e9cnico, sem preju\u00edzo de outras medidas que porventura venham a ser tomadas;<\/p>\n<p>&#8211; Para exercer o cargo de Diretor T\u00e9cnico ou de supervis\u00e3o, coordena\u00e7\u00e3o, chefia ou responsabilidade m\u00e9dica pelos servi\u00e7os assistenciais <strong>especializados<\/strong> \u00e9 obrigat\u00f3ria a titula\u00e7\u00e3o registrada no Conselho Regional de Medicina na respectiva especialidade, conforme Resolu\u00e7\u00e3o CFM n\u00b0 2007\/2013.<\/p>\n<p>&#8211; Os diretores t\u00e9cnico e cl\u00ednico devem estar em dia com as suas anuidades;<\/p>\n<p>&#8211; N\u00e3o podem ter mais de duas responsabilidades ativas.<\/p>\n<p>&nbsp;<\/p>\n<p><a class=\"btn btn-primary\" href=\"http:\/\/websemc.cremeb.org.br\/Home\/CadCertificado\" target=\"_blank\" rel=\"noopener noreferrer\">Solicitar<\/a>\u00a0 \u00a0<a class=\"btn btn-primary\" href=\"http:\/\/websemc.cremeb.org.br\/Home\/ListCertificado\" target=\"_blank\" rel=\"noopener noreferrer\">Solicita\u00e7\u00f5es em andamento<\/a><\/p>\n<p>&nbsp;<\/p>\n","protected":false},"excerpt":{"rendered":"<p>Os estabelecimentos hospitalares e de sa\u00fade mantidos pela Uni\u00e3o, estados e munic\u00edpios, bem como suas autarquias e funda\u00e7\u00f5es p\u00fablicas, empresas [&hellip;]<\/p>\n","protected":false},"author":2,"featured_media":0,"parent":690,"menu_order":0,"comment_status":"closed","ping_status":"closed","template":"","meta":{"_expiration-date-status":"saved","_expiration-date":0,"_expiration-date-type":"","_expiration-date-categories":[],"_expiration-date-options":[]},"acf":[],"_links":{"self":[{"href":"https:\/\/www.cremeb.org.br\/index.php\/wp-json\/wp\/v2\/pages\/672"}],"collection":[{"href":"https:\/\/www.cremeb.org.br\/index.php\/wp-json\/wp\/v2\/pages"}],"about":[{"href":"https:\/\/www.cremeb.org.br\/index.php\/wp-json\/wp\/v2\/types\/page"}],"author":[{"embeddable":true,"href":"https:\/\/www.cremeb.org.br\/index.php\/wp-json\/wp\/v2\/users\/2"}],"replies":[{"embeddable":true,"href":"https:\/\/www.cremeb.org.br\/index.php\/wp-json\/wp\/v2\/comments?post=672"}],"version-history":[{"count":60,"href":"https:\/\/www.cremeb.org.br\/index.php\/wp-json\/wp\/v2\/pages\/672\/revisions"}],"predecessor-version":[{"id":35945,"href":"https:\/\/www.cremeb.org.br\/index.php\/wp-json\/wp\/v2\/pages\/672\/revisions\/35945"}],"up":[{"embeddable":true,"href":"https:\/\/www.cremeb.org.br\/index.php\/wp-json\/wp\/v2\/pages\/690"}],"wp:attachment":[{"href":"https:\/\/www.cremeb.org.br\/index.php\/wp-json\/wp\/v2\/media?parent=672"}],"curies":[{"name":"wp","href":"https:\/\/api.w.org\/{rel}","templated":true}]}}