{"id":44818,"date":"2025-01-10T14:55:49","date_gmt":"2025-01-10T17:55:49","guid":{"rendered":"https:\/\/www.cremeb.org.br\/?page_id=44818"},"modified":"2025-01-15T14:40:51","modified_gmt":"2025-01-15T17:40:51","slug":"prerrogativas-do-medico","status":"publish","type":"page","link":"https:\/\/www.cremeb.org.br\/index.php\/prerrogativas-do-medico\/","title":{"rendered":"Prerrogativas do M\u00e9dico"},"content":{"rendered":"<div role=\"form\" class=\"wpcf7\" id=\"wpcf7-f44817-o1\" lang=\"pt-BR\" dir=\"ltr\">\n<div class=\"screen-reader-response\"><p role=\"status\" aria-live=\"polite\" aria-atomic=\"true\"><\/p> <ul><\/ul><\/div>\n<form action=\"\/index.php\/wp-json\/wp\/v2\/pages\/44818#wpcf7-f44817-o1\" method=\"post\" class=\"wpcf7-form init\" enctype=\"multipart\/form-data\" novalidate=\"novalidate\" data-status=\"init\">\n<div style=\"display: none;\">\n<input type=\"hidden\" name=\"_wpcf7\" value=\"44817\" \/>\n<input type=\"hidden\" name=\"_wpcf7_version\" value=\"5.6.3\" \/>\n<input type=\"hidden\" name=\"_wpcf7_locale\" value=\"pt_BR\" \/>\n<input type=\"hidden\" name=\"_wpcf7_unit_tag\" value=\"wpcf7-f44817-o1\" \/>\n<input type=\"hidden\" name=\"_wpcf7_container_post\" value=\"0\" \/>\n<input type=\"hidden\" name=\"_wpcf7_posted_data_hash\" value=\"\" \/>\n<input type=\"hidden\" name=\"_wpcf7_recaptcha_response\" value=\"\" \/>\n<\/div>\n<div class=\"row\">\n<div class=\"col-md-12 form-section\" style=\"position: relative;\">\n<h3><b>Assunto da den\u00fancia<\/b><\/h3>\n<div class=\"col-md-6 nopadding-left\">\n<p>\n      <span class=\"wpcf7-form-control-wrap\" data-name=\"your-subject\"><select name=\"your-subject\" class=\"wpcf7-form-control wpcf7-select wpcf7-validates-as-required form-control\" aria-required=\"true\" aria-invalid=\"false\"><option value=\"\">Selecione um assunto<\/option><option value=\"Amea\u00e7as\">Amea\u00e7as<\/option><option value=\"Assedio moral\">Assedio moral<\/option><option value=\"Atraso salarial\">Atraso salarial<\/option><option value=\"Escala de plant\u00e3o\">Escala de plant\u00e3o<\/option><option value=\"Exerc\u00edcio ilegal da medicina\">Exerc\u00edcio ilegal da medicina<\/option><option value=\"Falsifica\u00e7\u00e3o de carimbo m\u00e9dico\">Falsifica\u00e7\u00e3o de carimbo m\u00e9dico<\/option><option value=\"Falta de condi\u00e7\u00f5es de trabalho\">Falta de condi\u00e7\u00f5es de trabalho<\/option><option value=\"Viol\u00eancia contra m\u00e9dicos\">Viol\u00eancia contra m\u00e9dicos<\/option><option value=\"Outros\">Outros<\/option><\/select><\/span>\n    <\/p>\n<\/div>\n<div class=\"col-md-6 nopadding-left\">\n<div class=\"information-card\">\n  <strong>ATEN\u00c7\u00c3O:<\/strong> As den\u00fancias n\u00e3o podem ser an\u00f4nimas, no entanto, o Cremeb garante a preserva\u00e7\u00e3o da identidade do denunciante.\n<\/div>\n<\/div>\n<hr>\n<\/div>\n<div class=\"col-md-12 form-section\" >\n<h3><b>Dados do M\u00e9dico\/Empresa M\u00e9dica<\/b> <span style=\"font-weight: 400\">(apenas para M\u00e9dicos ou PJs)<\/span><\/h3>\n<div class=\"col-md-3 nopadding-left\">\n<p><span class=\"wpcf7-form-control-wrap\" data-name=\"your-crm\"><input type=\"number\" name=\"your-crm\" value=\"\" class=\"wpcf7-form-control wpcf7-number wpcf7-validates-as-number form-control\" id=\"crm\" aria-invalid=\"false\" placeholder=\"CRM\" \/><\/span><\/p>\n<\/div>\n<div class=\"col-md-2 nopadding-left\">\n<p><span class=\"wpcf7-form-control-wrap\" data-name=\"your-uf\"><input type=\"text\" name=\"your-uf\" value=\"\" size=\"40\" class=\"wpcf7-form-control wpcf7-text form-control\" aria-invalid=\"false\" placeholder=\"UF\" \/><\/span><\/p>\n<\/div>\n<hr>\n<\/div>\n<div class=\"col-md-12 form-section\" >\n<h3><b>Informa\u00e7\u00f5es\u00a0Pessoais<\/b><\/h3>\n<div class=\"col-md-6 nopadding-left\">\n<div class=\"contato-group\">\n      <label>Nome<\/label><\/p>\n<p><span class=\"wpcf7-form-control-wrap\" data-name=\"your-name\"><input type=\"text\" name=\"your-name\" value=\"\" size=\"40\" class=\"wpcf7-form-control wpcf7-text wpcf7-validates-as-required form-control\" aria-required=\"true\" aria-invalid=\"false\" placeholder=\"Nome\" \/><\/span><\/p>\n<\/div>\n<\/div>\n<div class=\"col-md-6 nopadding-left\">\n<div class=\"contato-group\">\n      <label>Email<\/label><\/p>\n<p><span class=\"wpcf7-form-control-wrap\" data-name=\"your-email\"><input type=\"email\" name=\"your-email\" value=\"\" size=\"40\" class=\"wpcf7-form-control wpcf7-text wpcf7-email wpcf7-validates-as-required wpcf7-validates-as-email form-control\" aria-required=\"true\" aria-invalid=\"false\" placeholder=\"Email\" \/><\/span><\/p>\n<\/div>\n<\/div>\n<\/div>\n<div class=\"col-md-12\">\n<div class=\"col-md-4 nopadding-left\">\n<div class=\"contato-group\">\n       <label>Telefone<\/label><\/p>\n<p><span class=\"wpcf7-form-control-wrap\" data-name=\"tel-282\"><input type=\"tel\" name=\"tel-282\" value=\"\" size=\"40\" class=\"wpcf7-form-control wpcf7-text wpcf7-tel wpcf7-validates-as-required wpcf7-validates-as-tel form-control\" id=\"tel\" aria-required=\"true\" aria-invalid=\"false\" placeholder=\"Telefone\" \/><\/span><\/p>\n<\/div>\n<div class=\"contato-group\">\n       <label>Arquivo<\/label><\/p>\n<p><span class=\"wpcf7-form-control-wrap\" data-name=\"file-578\"><input type=\"file\" name=\"file-578\" size=\"40\" class=\"wpcf7-form-control wpcf7-file form-control\" accept=\"image\/*,application\/pdf\" aria-invalid=\"false\" \/><\/span><\/p>\n<\/div>\n<\/div>\n<div class=\"col-md-8 nopadding-left\">\n<div class=\"contato-group\">\n       <label>Mensagem<\/label><\/p>\n<p><span class=\"wpcf7-form-control-wrap\" data-name=\"textarea-385\"><textarea name=\"textarea-385\" cols=\"40\" rows=\"10\" class=\"wpcf7-form-control wpcf7-textarea wpcf7-validates-as-required form-control\" aria-required=\"true\" aria-invalid=\"false\" placeholder=\"Mensagem\"><\/textarea><\/span><\/p>\n<\/div>\n<\/div>\n<hr>\n<\/div>\n<div class=\"col-md-12 nopadding-left\">\n<p class='pull-right btn-enviar'><input type=\"submit\" value=\"Enviar\" class=\"wpcf7-form-control has-spinner wpcf7-submit\" \/><\/p>\n<\/div>\n<\/div>\n<div class=\"wpcf7-response-output\" aria-hidden=\"true\"><\/div><\/form><\/div>\n","protected":false},"excerpt":{"rendered":"","protected":false},"author":2,"featured_media":0,"parent":0,"menu_order":0,"comment_status":"closed","ping_status":"closed","template":"page-no-sidebar.php","meta":{"_expiration-date-status":"","_expiration-date":0,"_expiration-date-type":"","_expiration-date-categories":[],"_expiration-date-options":[]},"acf":[],"_links":{"self":[{"href":"https:\/\/www.cremeb.org.br\/index.php\/wp-json\/wp\/v2\/pages\/44818"}],"collection":[{"href":"https:\/\/www.cremeb.org.br\/index.php\/wp-json\/wp\/v2\/pages"}],"about":[{"href":"https:\/\/www.cremeb.org.br\/index.php\/wp-json\/wp\/v2\/types\/page"}],"author":[{"embeddable":true,"href":"https:\/\/www.cremeb.org.br\/index.php\/wp-json\/wp\/v2\/users\/2"}],"replies":[{"embeddable":true,"href":"https:\/\/www.cremeb.org.br\/index.php\/wp-json\/wp\/v2\/comments?post=44818"}],"version-history":[{"count":1,"href":"https:\/\/www.cremeb.org.br\/index.php\/wp-json\/wp\/v2\/pages\/44818\/revisions"}],"predecessor-version":[{"id":44819,"href":"https:\/\/www.cremeb.org.br\/index.php\/wp-json\/wp\/v2\/pages\/44818\/revisions\/44819"}],"wp:attachment":[{"href":"https:\/\/www.cremeb.org.br\/index.php\/wp-json\/wp\/v2\/media?parent=44818"}],"curies":[{"name":"wp","href":"https:\/\/api.w.org\/{rel}","templated":true}]}}