{"id":4431,"date":"2015-12-23T16:42:41","date_gmt":"2015-12-23T16:42:41","guid":{"rendered":"http:\/\/www2.cremeb.org.br\/wordpress\/?page_id=4431"},"modified":"2021-08-09T12:01:33","modified_gmt":"2021-08-09T12:01:33","slug":"desarquivarreinscricao","status":"publish","type":"page","link":"https:\/\/www.cremeb.org.br\/index.php\/desarquivarreinscricao\/","title":{"rendered":"Desarquivar\/Reinscri\u00e7\u00e3o"},"content":{"rendered":"<p style=\"text-align: justify;\">Empresas, institui\u00e7\u00f5es, entidades ou estabelecimentos prestadores e\/ou intermediadores de assist\u00eancia \u00e0 sa\u00fade com personalidade jur\u00eddica de direito privado devem registrar-se nos Conselhos Regionais de Medicina da jurisdi\u00e7\u00e3o em que atuarem, nos termos das Leis n\u00b0 6.839\/80 e n\u00b0 9.656\/98.<\/p>\n<p style=\"text-align: justify;\">Para empresa que teve o pedido de registro arquivado ou a inscri\u00e7\u00e3o cancelada no CREMEB que necessita desarquivar ou reativar o registro.<\/p>\n<h3 style=\"text-align: justify;\">Orienta\u00e7\u00e3o:<\/h3>\n<p>\u2013 A solicita\u00e7\u00e3o deve ser feita atrav\u00e9s do bot\u00e3o \u201c<strong>Solicitar<\/strong>\u201d abaixo, utilizando o login e senha do Diretor T\u00e9cnico do estabelecimento;<\/p>\n<p>\u2013 O login \u00e9 o CPF do m\u00e9dico Diretor T\u00e9cnico e a senha \u00e9 pessoal, cadastrada pelo mesmo;<\/p>\n<p>\u2013 Ao entrar na \u00e1rea restrita, clicar na op\u00e7\u00e3o \u201c<strong>Reativa\u00e7\u00e3o de Registro<\/strong>\u201d;<\/p>\n<p>\u2013 Informar corretamente o CNPJ do estabelecimento que deseja reativar;<\/p>\n<p>\u2013 Clicar em \u201cConsultar\u201d e confirmada a empresa clicar no bot\u00e3o \u201cSalvar\u201d;<\/p>\n<p>\u2013 Preencher e atualizar corretamente o formul\u00e1rio online;<\/p>\n<p>\u2013\u00a0Ser\u00e1 necess\u00e1rio anexar documentos obrigat\u00f3rios conforme lista abaixo;<\/p>\n<p>\u2013 Marcar o texto de ci\u00eancia e clicar no bot\u00e3o \u201c<strong>Salvar e Enviar<\/strong>\u201d para concluir a solicita\u00e7\u00e3o;<\/p>\n<p>\u2013 Caso j\u00e1 tenha iniciado uma solicita\u00e7\u00e3o de <strong>Reativa\u00e7\u00e3o de Registro<\/strong>\u00a0clicar no bot\u00e3o &#8220;<strong>Solicita\u00e7\u00f5es em andamento<\/strong>&#8221; abaixo;<\/p>\n<p style=\"text-align: justify;\">&#8211;\u00a0<strong>ATEN\u00c7\u00c3O:<\/strong>\u00a0De acordo com a\u00a0<a href=\"http:\/\/www.cremeb.org.br\/wp-content\/uploads\/2015\/11\/PORTARIA-08_2006_PRAZOS-DEFIC.pdf\" target=\"_blank\" rel=\"noopener noreferrer\">Portaria do Cremeb n\u00ba 08\/2006<\/a>, o prazo para atendimento da solicita\u00e7\u00e3o \u00e9 de\u00a0<span style=\"color: #ff0000;\"><strong>30 dias \u00fateis<\/strong><\/span>, contados a\u00a0partir do cumprimento de todas as exig\u00eancias legais.\u00a0Sendo detectadas irregularidades na documenta\u00e7\u00e3o apresentada, o novo prazo ter\u00e1 in\u00edcio ap\u00f3s a regulariza\u00e7\u00e3o e juntada de todos os documentos exigidos pela norma.<\/p>\n<p>&nbsp;<\/p>\n<p>&nbsp;<\/p>\n<h3>Documenta\u00e7\u00e3o digitalizada:<\/h3>\n<p>\u2013 Documento de constitui\u00e7\u00e3o do estabelecimento (contrato social, estatuto, ata de funda\u00e7\u00e3o, lei, decreto, portaria, outros) e demais altera\u00e7\u00f5es registradas em cart\u00f3rio e\/ou JUCEB;<\/p>\n<p>\u2013 Declara\u00e7\u00e3o de aceite da fun\u00e7\u00e3o do Diretor T\u00e9cnico (<em><a href=\"http:\/\/www.cremeb.org.br\/wp-content\/uploads\/2016\/01\/Declaracao-do-Diretor-Tecnico.pdf\" target=\"_blank\" rel=\"noopener noreferrer\">modelo<\/a><\/em>)\u00a0ou Ata de elei\u00e7\u00e3o;<\/p>\n<p>\u2013 Termo de Responsabilidade T\u00e9cnica Servi\u00e7o\/Setores (<em><a href=\"http:\/\/www.cremeb.org.br\/wp-content\/uploads\/2016\/01\/Termo-de-Responsabilidade-Tecnica-Servico.pdf\" target=\"_blank\" rel=\"noopener noreferrer\">modelo<\/a><\/em>), se houver;<\/p>\n<p>\u2013 Alvar\u00e1\/Licen\u00e7a de funcionamento atualizado;<\/p>\n<p>\u2013 Alvar\u00e1 da Vigil\u00e2ncia Sanit\u00e1ria atualizado, protocolo ou justificativa.\u00a0Para empresas sem atendimento m\u00e9dico na sede, apresentar Declara\u00e7\u00e3o de Endere\u00e7o Administrativo\u00a0(<em><a href=\"http:\/\/www.cremeb.org.br\/wp-content\/uploads\/2016\/01\/Declaracao-Endereco-ADM.pdf\" target=\"_blank\" rel=\"noopener noreferrer\">modelo<\/a><\/em>);<\/p>\n<p>\u2013 Cart\u00e3o do CNPJ atualizado.<\/p>\n<p><strong><br \/>\nPara Cooperativas:<\/strong><\/p>\n<p>\u2013 Comprovante de registro e regularidade junto \u00e0 OCEB;<\/p>\n<p>\u2013 Ata de Assembleia;<\/p>\n<p>\u2013 Rela\u00e7\u00e3o de cooperados devidamente assinada;<\/p>\n<p>\u2013 Rela\u00e7\u00e3o dos locais onde ser\u00e3o prestados os servi\u00e7os.<\/p>\n<p><strong>\u2014 Cl\u00ednicas para\u00a0obten\u00e7\u00e3o de CNH:<\/strong><\/p>\n<p>\u2013 M\u00e9dico com especialidade de Medicina de Tr\u00e1fego registrada no CREMEB ou Certificado de capacita\u00e7\u00e3o para m\u00e9dico perito examinador<\/p>\n<h3>Documenta\u00e7\u00e3o complementar\u00a0a ser encaminhada:<\/h3>\n<p><strong>Quando o corpo cl\u00ednico for composto por mais de 30\u00a0m\u00e9dicos \u00e9 necess\u00e1rio encaminhar:<\/strong><\/p>\n<p>\u2013 C\u00f3pia do Regimento Interno do corpo cl\u00ednico e c\u00f3pia da ata de aprova\u00e7\u00e3o pelo corpo m\u00e9dico, conforme Resolu\u00e7\u00e3o CFM n\u00b0 1481\/1997;<\/p>\n<p>\u2013 C\u00f3pia da ata de elei\u00e7\u00e3o da Comiss\u00e3o de \u00c9tica M\u00e9dica, conforme <a href=\"https:\/\/sistemas.cfm.org.br\/normas\/visualizar\/resolucoes\/BR\/2016\/2152\" target=\"_blank\" rel=\"noopener noreferrer\">Resolu\u00e7\u00e3o CFM n\u00b0 2152\/2016<\/a>.\u00a0Confira aqui o\u00a0<a href=\"http:\/\/www.cremeb.org.br\/wp-content\/uploads\/2016\/09\/Passo-a-passo-para-instalar-comissao-etica.pdf\" target=\"_blank\" rel=\"noopener noreferrer\">passo a passo<\/a>\u00a0para instalar uma comiss\u00e3o \u00e9tica;<\/p>\n<p>\u2013 C\u00f3pia da ata de elei\u00e7\u00e3o e do documento de homologa\u00e7\u00e3o do Diretor Cl\u00ednico;<\/p>\n<p>\u2013 C\u00f3pia do documento de constitui\u00e7\u00e3o da Comiss\u00e3o de Revis\u00e3o de Prontu\u00e1rios, conforme Resolu\u00e7\u00e3o CFM n\u00b0 1638\/2002.<\/p>\n<h3>Observa\u00e7\u00f5es:<\/h3>\n<p style=\"text-align: justify;\">\u2013 Havendo pend\u00eancias documental e financeira, o estabelecimento ter\u00e1 um prazo de\u00a0<strong>120 dias<\/strong>\u00a0para regulariza\u00e7\u00e3o. O n\u00e3o cumprimento ser\u00e1 entendido como desist\u00eancia e implicar\u00e1 no arquivamento imediato do pedido de registro, independentemente de notifica\u00e7\u00e3o ao Diretor\u00a0t\u00e9cnico, sem preju\u00edzo de outras medidas que porventura venham a ser tomadas;<\/p>\n<p style=\"text-align: justify;\">\u2013 Para exercer o cargo de diretor t\u00e9cnico ou de supervis\u00e3o, coordena\u00e7\u00e3o, chefia ou responsabilidade m\u00e9dica pelos servi\u00e7os assistenciais especializados \u00e9 obrigat\u00f3ria a titula\u00e7\u00e3o registrada no Conselho Regional de Medicina na respectiva especialidade, conforme Resolu\u00e7\u00e3o CFM n\u00b0 2007\/2013;<\/p>\n<p style=\"text-align: justify;\">\u2013 Os diretores t\u00e9cnico e cl\u00ednico devem estar em dia com as suas anuidades; e<\/p>\n<p style=\"text-align: justify;\">\u2013 N\u00e3o podem ter mais de duas responsabilidades ativas, a\u00ed inclu\u00eddas as institui\u00e7\u00f5es p\u00fablicas e privadas, mesmo quando tratar-se de filiais, subsidi\u00e1rias ou sucursais da mesma institui\u00e7\u00e3o;<\/p>\n<p style=\"text-align: justify;\">\u2013\u00a0<a href=\"http:\/\/www.cremeb.org.br\/index.php\/transparencia\/valores\/\">Taxas e Anuidades<\/a>.<\/p>\n<p><a class=\"btn btn-primary\" href=\"http:\/\/websemc.cremeb.org.br\/Home\/ReativaCertificado\/\" target=\"_blank\" rel=\"noopener noreferrer\">Solicitar<\/a>\u00a0 \u00a0<a class=\"btn btn-primary\" href=\"http:\/\/websemc.cremeb.org.br\/Home\/ListCertificado\" target=\"_blank\" rel=\"noopener noreferrer\">Solicita\u00e7\u00f5es em andamento<\/a><\/p>\n","protected":false},"excerpt":{"rendered":"<p>Empresas, institui\u00e7\u00f5es, entidades ou estabelecimentos prestadores e\/ou intermediadores de assist\u00eancia \u00e0 sa\u00fade com personalidade jur\u00eddica de direito privado devem registrar-se [&hellip;]<\/p>\n","protected":false},"author":2,"featured_media":0,"parent":0,"menu_order":0,"comment_status":"closed","ping_status":"closed","template":"","meta":{"_expiration-date-status":"saved","_expiration-date":0,"_expiration-date-type":"","_expiration-date-categories":[],"_expiration-date-options":[]},"acf":[],"_links":{"self":[{"href":"https:\/\/www.cremeb.org.br\/index.php\/wp-json\/wp\/v2\/pages\/4431"}],"collection":[{"href":"https:\/\/www.cremeb.org.br\/index.php\/wp-json\/wp\/v2\/pages"}],"about":[{"href":"https:\/\/www.cremeb.org.br\/index.php\/wp-json\/wp\/v2\/types\/page"}],"author":[{"embeddable":true,"href":"https:\/\/www.cremeb.org.br\/index.php\/wp-json\/wp\/v2\/users\/2"}],"replies":[{"embeddable":true,"href":"https:\/\/www.cremeb.org.br\/index.php\/wp-json\/wp\/v2\/comments?post=4431"}],"version-history":[{"count":21,"href":"https:\/\/www.cremeb.org.br\/index.php\/wp-json\/wp\/v2\/pages\/4431\/revisions"}],"predecessor-version":[{"id":33645,"href":"https:\/\/www.cremeb.org.br\/index.php\/wp-json\/wp\/v2\/pages\/4431\/revisions\/33645"}],"wp:attachment":[{"href":"https:\/\/www.cremeb.org.br\/index.php\/wp-json\/wp\/v2\/media?parent=4431"}],"curies":[{"name":"wp","href":"https:\/\/api.w.org\/{rel}","templated":true}]}}