{"id":30700,"date":"2020-09-30T18:32:37","date_gmt":"2020-09-30T18:32:37","guid":{"rendered":"http:\/\/www.cremeb.org.br\/?page_id=30700"},"modified":"2025-03-17T11:47:01","modified_gmt":"2025-03-17T14:47:01","slug":"comissoes-de-etica-medica","status":"publish","type":"page","link":"https:\/\/www.cremeb.org.br\/index.php\/comissoes-de-etica-medica\/","title":{"rendered":"Grupo de Apoio \u00e0s Comiss\u00f5es de \u00c9tica M\u00e9dica"},"content":{"rendered":"<p>As Comiss\u00f5es de \u00c9tica M\u00e9dica s\u00e3o \u00f3rg\u00e3os de apoio aos trabalhos dos Conselhos Regionais de Medicina dentro das institui\u00e7\u00f5es de assist\u00eancia \u00e0 sa\u00fade. Suas fun\u00e7\u00f5es s\u00e3o educativas, fiscalizadoras e investigat\u00f3rias do desempenho \u00e9tico da medicina.<\/p>\n<p>As referidas comiss\u00f5es possuem autonomia em rela\u00e7\u00e3o \u00e0s atividades administrativa e diretiva da institui\u00e7\u00e3o onde atuam, e no \u00e2mbito da Bahia s\u00e3o supervisionadas pelo Cremeb atrav\u00e9s do DEPEM (Departamento de Eventos e Promo\u00e7\u00e3o da \u00c9tica M\u00e9dica e Bio\u00e9tica).<\/p>\n<p><strong>O DEPEM est\u00e1 \u00e0 disposi\u00e7\u00e3o para esclarecer eventuais d\u00favidas atrav\u00e9s dos seguintes meios de comunica\u00e7\u00e3o:<\/strong><\/p>\n<p>Telefone\/WhatsApp: <strong>(71) 3339-2812<\/strong><\/p>\n<p>&nbsp;<\/p>\n<p style=\"text-align: center;\"><strong>Composi\u00e7\u00e3o do Grupo Apoio Comiss\u00f5es de \u00c9tica M\u00e9dica &#8211; GACEM:<\/strong><\/p>\n<p style=\"text-align: center;\">Cons. Jorge Cerqueira &#8211; Coordenador &#8211; Salvador<\/p>\n<p style=\"text-align: center;\">Consa. Rosangela Melo &#8211; Vice-coordenadora &#8211; Itabuna<\/p>\n<p style=\"text-align: center;\">Cons. Adriano Teixeira &#8211; Vit\u00f3ria da Conquista<\/p>\n<p style=\"text-align: center;\">Cons. Alexandre Rizkalla &#8211; Barreiras<\/p>\n<p style=\"text-align: center;\">Cons. Andr\u00e9 Campana &#8211; Feira de Santana<\/p>\n<p style=\"text-align: center;\">Cons. Eduardo Nogueira &#8211; Feira de Santana<\/p>\n<p style=\"text-align: center;\">Cons. Jos\u00e9 Abelardo Meneses &#8211; Salvador<\/p>\n<p style=\"text-align: center;\">Consa. Mariana Cancela &#8211; Porto Seguro<\/p>\n","protected":false},"excerpt":{"rendered":"<p>As Comiss\u00f5es de \u00c9tica M\u00e9dica s\u00e3o \u00f3rg\u00e3os de apoio aos trabalhos dos Conselhos Regionais de Medicina dentro das institui\u00e7\u00f5es de [&hellip;]<\/p>\n","protected":false},"author":2,"featured_media":0,"parent":0,"menu_order":0,"comment_status":"closed","ping_status":"closed","template":"","meta":{"_expiration-date-status":"","_expiration-date":0,"_expiration-date-type":"","_expiration-date-categories":[],"_expiration-date-options":[]},"acf":[],"_links":{"self":[{"href":"https:\/\/www.cremeb.org.br\/index.php\/wp-json\/wp\/v2\/pages\/30700"}],"collection":[{"href":"https:\/\/www.cremeb.org.br\/index.php\/wp-json\/wp\/v2\/pages"}],"about":[{"href":"https:\/\/www.cremeb.org.br\/index.php\/wp-json\/wp\/v2\/types\/page"}],"author":[{"embeddable":true,"href":"https:\/\/www.cremeb.org.br\/index.php\/wp-json\/wp\/v2\/users\/2"}],"replies":[{"embeddable":true,"href":"https:\/\/www.cremeb.org.br\/index.php\/wp-json\/wp\/v2\/comments?post=30700"}],"version-history":[{"count":15,"href":"https:\/\/www.cremeb.org.br\/index.php\/wp-json\/wp\/v2\/pages\/30700\/revisions"}],"predecessor-version":[{"id":45154,"href":"https:\/\/www.cremeb.org.br\/index.php\/wp-json\/wp\/v2\/pages\/30700\/revisions\/45154"}],"wp:attachment":[{"href":"https:\/\/www.cremeb.org.br\/index.php\/wp-json\/wp\/v2\/media?parent=30700"}],"curies":[{"name":"wp","href":"https:\/\/api.w.org\/{rel}","templated":true}]}}