{"id":30690,"date":"2020-09-30T13:25:25","date_gmt":"2020-09-30T13:25:25","guid":{"rendered":"http:\/\/www.cremeb.org.br\/?page_id=30690"},"modified":"2025-01-17T15:31:44","modified_gmt":"2025-01-17T18:31:44","slug":"educacao-medica-continuada","status":"publish","type":"page","link":"https:\/\/www.cremeb.org.br\/index.php\/educacao-medica-continuada\/","title":{"rendered":"DynaMed e Medline"},"content":{"rendered":"<p>A DynaMed \u00e9 uma plataforma criada por m\u00e9dicos e para m\u00e9dicos, desenvolvida primordialmente para uso no local de atendimento, com navega\u00e7\u00e3o intuitiva e consultas a milh\u00f5es de estudos cient\u00edficos de forma simult\u00e2nea. J\u00e1 a Medline Complete re\u00fane textos completos dos principais peri\u00f3dicos de medicina e de sa\u00fade de todo o mundo, com publica\u00e7\u00f5es integrais de milhares de peri\u00f3dicos ativos, proporcionando uma base cient\u00edfica s\u00f3lida e de f\u00e1cil acesso. As ferramentas est\u00e3o disponibilizadas gratuitamente aos m\u00e9dicos baianos a partir de uma parceria entre o Cremeb e a EBSCO, empresa especializada em bases de dados para pesquisas cient\u00edficas.<\/p>\n<p>O acesso \u00e0s plataformas DynaMed e Medline Complete \u00e9 feito atrav\u00e9s do Portal Cremeb. Basta clicar na aba Cremeb Cient\u00edfico, localizada no menu lateral \u00e0 direita do site se acessado pelo desktop, notebook ou tablet, e na parte inferior da tela do portal se acessado por um smartphone. A p\u00e1gina ser\u00e1 redirecionada a \u00e1rea de login do m\u00e9dico no site do Conselho, e ap\u00f3s de preenchidos login e senha, abrir\u00e1 uma lista de servi\u00e7os, dentre eles os \u00edcones na sess\u00e3o Cremeb Cient\u00edfico, com as identifica\u00e7\u00f5es das ferramentas DynaMed e Medline. Ao selecionar a plataforma, o m\u00e9dico ser\u00e1 direcionado para a p\u00e1gina oficial para consultas e pesquisas.<\/p>\n<p><a href=\"https:\/\/portal.cremeb.org.br\/WebPF\" target=\"_blank\" rel=\"noopener\">Clique aqui e acesse!<\/a><\/p>\n<div id=\"gallery-1\" class=\"gallery galleryid-30690 gallery-columns-2 gallery-size-thumbnail\" style=\"display: flex; flex-direction: row; justify-content: space-around;\">\n<dl class=\"gallery-item\">\n<dt class=\"gallery-icon portrait\" style=\"display: flex; flex-direction: column; align-items: center;\"><a href=\"https:\/\/www.cremeb.org.br\/wp-content\/uploads\/2024\/06\/lsp_721201e0b7f1bd5b8a474edcf43c95c4_190624-053528.jpg\" rel=\"example_group\"><img decoding=\"async\" loading=\"lazy\" class=\"attachment-thumbnail size-thumbnail\" src=\"https:\/\/www.cremeb.org.br\/wp-content\/uploads\/2024\/06\/lsp_721201e0b7f1bd5b8a474edcf43c95c4_190624-053528.jpg\" sizes=\"(max-width: 150px) 100vw, 150px\" srcset=\"https:\/\/www.cremeb.org.br\/wp-content\/uploads\/2024\/06\/lsp_6c658c17317d1530db26c26268214e7e_190624-051634.jpg 403w\" alt=\"\" width=\"150\" height=\"100\" aria-describedby=\"gallery-1-39146\" \/><\/a><\/dt>\n<dd id=\"gallery-1-39146\" class=\"wp-caption-text gallery-caption\">Clique na imagem e conhe\u00e7a os benef\u00edcios<\/dd>\n<\/dl>\n<dl class=\"gallery-item\">\n<dt class=\"gallery-icon portrait\" style=\"display: flex; flex-direction: column; align-items: center;\"><a href=\"https:\/\/www.cremeb.org.br\/wp-content\/uploads\/2024\/06\/lsp_28641c61f2a78c6fdcf7503551c8ec78_190624-053531.jpg\" rel=\"example_group\"><img decoding=\"async\" loading=\"lazy\" class=\"attachment-thumbnail size-thumbnail\" src=\"https:\/\/www.cremeb.org.br\/wp-content\/uploads\/2024\/06\/lsp_28641c61f2a78c6fdcf7503551c8ec78_190624-053531.jpg\" sizes=\"(max-width: 150px) 100vw, 150px\" srcset=\"https:\/\/www.cremeb.org.br\/wp-content\/uploads\/2024\/06\/lsp_970a8aac2e27492f963c0b9a000c26ce_190624-051632.jpg 403w\" alt=\"\" width=\"150\" height=\"100\" aria-describedby=\"gallery-1-39145\" \/><\/a><\/dt>\n<dd id=\"gallery-1-39145\" class=\"wp-caption-text gallery-caption\">Clique na imagem e conhe\u00e7a os benef\u00edcios<\/dd>\n<\/dl>\n<p>&nbsp;<\/p>\n<\/div>\n","protected":false},"excerpt":{"rendered":"<p>A DynaMed \u00e9 uma plataforma criada por m\u00e9dicos e para m\u00e9dicos, desenvolvida primordialmente para uso no local de atendimento, com [&hellip;]<\/p>\n","protected":false},"author":2,"featured_media":0,"parent":0,"menu_order":0,"comment_status":"closed","ping_status":"closed","template":"","meta":{"_expiration-date-status":"","_expiration-date":0,"_expiration-date-type":"","_expiration-date-categories":[],"_expiration-date-options":[]},"acf":[],"_links":{"self":[{"href":"https:\/\/www.cremeb.org.br\/index.php\/wp-json\/wp\/v2\/pages\/30690"}],"collection":[{"href":"https:\/\/www.cremeb.org.br\/index.php\/wp-json\/wp\/v2\/pages"}],"about":[{"href":"https:\/\/www.cremeb.org.br\/index.php\/wp-json\/wp\/v2\/types\/page"}],"author":[{"embeddable":true,"href":"https:\/\/www.cremeb.org.br\/index.php\/wp-json\/wp\/v2\/users\/2"}],"replies":[{"embeddable":true,"href":"https:\/\/www.cremeb.org.br\/index.php\/wp-json\/wp\/v2\/comments?post=30690"}],"version-history":[{"count":33,"href":"https:\/\/www.cremeb.org.br\/index.php\/wp-json\/wp\/v2\/pages\/30690\/revisions"}],"predecessor-version":[{"id":44863,"href":"https:\/\/www.cremeb.org.br\/index.php\/wp-json\/wp\/v2\/pages\/30690\/revisions\/44863"}],"wp:attachment":[{"href":"https:\/\/www.cremeb.org.br\/index.php\/wp-json\/wp\/v2\/media?parent=30690"}],"curies":[{"name":"wp","href":"https:\/\/api.w.org\/{rel}","templated":true}]}}