{"id":21320,"date":"2018-11-09T14:12:16","date_gmt":"2018-11-09T14:12:16","guid":{"rendered":"http:\/\/www.cremeb.org.br\/?page_id=21320"},"modified":"2024-07-22T11:24:25","modified_gmt":"2024-07-22T14:24:25","slug":"camaras-tecnicas","status":"publish","type":"page","link":"https:\/\/www.cremeb.org.br\/index.php\/camaras-tecnicas\/","title":{"rendered":"C\u00e2maras T\u00e9cnicas"},"content":{"rendered":"<p>Em 2003, atrav\u00e9s da Resolu\u00e7\u00e3o n\u00ba 262, foram criadas as primeiras C\u00e2maras T\u00e9cnicas do CREMEB, que s\u00e3o compostas por no m\u00ednimo cinco m\u00e9dicos especialistas, reconhecidos pela compet\u00eancia na sua \u00e1rea de atua\u00e7\u00e3o. Atualmente, a\u00a0<a href=\"https:\/\/www.cremeb.org.br\/index.php\/normas\/resolucao-cremeb-382-2022\/\" target=\"_blank\" rel=\"noopener\">Resolu\u00e7\u00e3o n\u00ba 382\/2022<\/a>\u00a0as regulamentam. Hoje, s\u00e3o 37 ativas no total e cada c\u00e2mara \u00e9 coordenada por um conselheiro designado em Sess\u00e3o Plen\u00e1ria.<\/p>\n<p>As C\u00e2maras T\u00e9cnicas se manifestam sobre problemas t\u00e9cnico cient\u00edficos por solicita\u00e7\u00e3o de conselheiros, promovendo assessoria interna, respondendo quest\u00f5es espec\u00edficas formuladas pelos mesmos. Portanto, jamais se manifestando sobre o m\u00e9rito do processo.<\/p>\n","protected":false},"excerpt":{"rendered":"<p>Em 2003, atrav\u00e9s da Resolu\u00e7\u00e3o n\u00ba 262, foram criadas as primeiras C\u00e2maras T\u00e9cnicas do CREMEB, que s\u00e3o compostas por no [&hellip;]<\/p>\n","protected":false},"author":2,"featured_media":0,"parent":0,"menu_order":0,"comment_status":"closed","ping_status":"closed","template":"camaras_tecnicas.php","meta":{"_expiration-date-status":"saved","_expiration-date":0,"_expiration-date-type":"","_expiration-date-categories":[],"_expiration-date-options":[]},"acf":[],"_links":{"self":[{"href":"https:\/\/www.cremeb.org.br\/index.php\/wp-json\/wp\/v2\/pages\/21320"}],"collection":[{"href":"https:\/\/www.cremeb.org.br\/index.php\/wp-json\/wp\/v2\/pages"}],"about":[{"href":"https:\/\/www.cremeb.org.br\/index.php\/wp-json\/wp\/v2\/types\/page"}],"author":[{"embeddable":true,"href":"https:\/\/www.cremeb.org.br\/index.php\/wp-json\/wp\/v2\/users\/2"}],"replies":[{"embeddable":true,"href":"https:\/\/www.cremeb.org.br\/index.php\/wp-json\/wp\/v2\/comments?post=21320"}],"version-history":[{"count":9,"href":"https:\/\/www.cremeb.org.br\/index.php\/wp-json\/wp\/v2\/pages\/21320\/revisions"}],"predecessor-version":[{"id":43661,"href":"https:\/\/www.cremeb.org.br\/index.php\/wp-json\/wp\/v2\/pages\/21320\/revisions\/43661"}],"wp:attachment":[{"href":"https:\/\/www.cremeb.org.br\/index.php\/wp-json\/wp\/v2\/media?parent=21320"}],"curies":[{"name":"wp","href":"https:\/\/api.w.org\/{rel}","templated":true}]}}