{"id":17969,"date":"2018-03-22T20:46:41","date_gmt":"2018-03-22T20:46:41","guid":{"rendered":"http:\/\/www.cremeb.org.br\/?page_id=17969"},"modified":"2019-09-17T17:58:44","modified_gmt":"2019-09-17T17:58:44","slug":"missao-visao-e-valores","status":"publish","type":"page","link":"https:\/\/www.cremeb.org.br\/index.php\/missao-visao-e-valores\/","title":{"rendered":"Miss\u00e3o, Vis\u00e3o e Valores"},"content":{"rendered":"<p><strong>Miss\u00e3o<\/strong><br \/>\nTrabalhar por todos os meios ao seu alcance pelo perfeito desempenho \u00e9tico da medicina e pelo bom conceito da profiss\u00e3o e dos que a exer\u00e7am legalmente.<\/p>\n<p>&nbsp;<\/p>\n<p><strong>Vis\u00e3o<\/strong><br \/>\nSer reconhecido por sua excel\u00eancia na promo\u00e7\u00e3o do exerc\u00edcio \u00e9tico da medicina e na qualidade dos servi\u00e7os prestados aos m\u00e9dicos e \u00e0 sociedade com sustentabilidade e transpar\u00eancia.<\/p>\n<p>&nbsp;<\/p>\n<p><strong>Valores<\/strong><br \/>\n&#8211; \u00c9tica<br \/>\n&#8211; Credibilidade<br \/>\n&#8211; Imparcialidade<br \/>\n&#8211; Responsabilidade Social<br \/>\n&#8211;\u00a0Transpar\u00eancia<br \/>\n&#8211; Solidariedade<br \/>\n&#8211; Sustentabilidade<br \/>\n&#8211; Modernidade<\/p>\n","protected":false},"excerpt":{"rendered":"<p>Miss\u00e3o Trabalhar por todos os meios ao seu alcance pelo perfeito desempenho \u00e9tico da medicina e pelo bom conceito da [&hellip;]<\/p>\n","protected":false},"author":2,"featured_media":0,"parent":0,"menu_order":0,"comment_status":"closed","ping_status":"closed","template":"","meta":{"_expiration-date-status":"saved","_expiration-date":0,"_expiration-date-type":"","_expiration-date-categories":[],"_expiration-date-options":[]},"acf":[],"_links":{"self":[{"href":"https:\/\/www.cremeb.org.br\/index.php\/wp-json\/wp\/v2\/pages\/17969"}],"collection":[{"href":"https:\/\/www.cremeb.org.br\/index.php\/wp-json\/wp\/v2\/pages"}],"about":[{"href":"https:\/\/www.cremeb.org.br\/index.php\/wp-json\/wp\/v2\/types\/page"}],"author":[{"embeddable":true,"href":"https:\/\/www.cremeb.org.br\/index.php\/wp-json\/wp\/v2\/users\/2"}],"replies":[{"embeddable":true,"href":"https:\/\/www.cremeb.org.br\/index.php\/wp-json\/wp\/v2\/comments?post=17969"}],"version-history":[{"count":7,"href":"https:\/\/www.cremeb.org.br\/index.php\/wp-json\/wp\/v2\/pages\/17969\/revisions"}],"predecessor-version":[{"id":25342,"href":"https:\/\/www.cremeb.org.br\/index.php\/wp-json\/wp\/v2\/pages\/17969\/revisions\/25342"}],"wp:attachment":[{"href":"https:\/\/www.cremeb.org.br\/index.php\/wp-json\/wp\/v2\/media?parent=17969"}],"curies":[{"name":"wp","href":"https:\/\/api.w.org\/{rel}","templated":true}]}}